{"id":606,"date":"2024-11-22T13:08:22","date_gmt":"2024-11-22T13:08:22","guid":{"rendered":"https:\/\/gatech.fi\/etusivu\/"},"modified":"2025-10-25T09:48:54","modified_gmt":"2025-10-25T09:48:54","slug":"etusivu","status":"publish","type":"page","link":"https:\/\/gatech.fi\/sv\/","title":{"rendered":"Webbplats"},"content":{"rendered":"","protected":false},"excerpt":{"rendered":"","protected":false},"author":1,"featured_media":0,"parent":0,"menu_order":0,"comment_status":"closed","ping_status":"closed","template":"","meta":{"_acf_changed":false,"footnotes":""},"class_list":["post-606","page","type-page","status-publish","hentry"],"acf":[],"yoast_head":"<!-- This site is optimized with the Yoast SEO plugin v24.4 - https:\/\/yoast.com\/wordpress\/plugins\/seo\/ -->\n<title>Gym grundarens partner nr. 1 | Gatech<\/title>\n<meta name=\"description\" content=\"Hos oss f\u00e5r du skr\u00e4ddarsydda ing\u00e5ngs- och wellnessl\u00f6sningar som g\u00f6r ditt gym \u00e4nnu mer funktionellt och attraktivt. Se mer!\" \/>\n<meta name=\"robots\" content=\"index, follow, max-snippet:-1, max-image-preview:large, max-video-preview:-1\" \/>\n<link rel=\"canonical\" href=\"https:\/\/gatech.fi\/sv\/\" \/>\n<meta property=\"og:locale\" content=\"sv_SE\" \/>\n<meta property=\"og:type\" content=\"article\" \/>\n<meta property=\"og:title\" content=\"Gym grundarens partner nr. 1 | Gatech\" \/>\n<meta property=\"og:description\" content=\"Hos oss f\u00e5r du skr\u00e4ddarsydda ing\u00e5ngs- och wellnessl\u00f6sningar som g\u00f6r ditt gym \u00e4nnu mer funktionellt och attraktivt. Se mer!\" \/>\n<meta property=\"og:url\" content=\"https:\/\/gatech.fi\/sv\/\" \/>\n<meta property=\"og:site_name\" content=\"Gatech\" \/>\n<meta property=\"article:modified_time\" content=\"2025-10-25T09:48:54+00:00\" \/>\n<meta name=\"twitter:card\" content=\"summary_large_image\" \/>\n<meta name=\"twitter:title\" content=\"Gym grundarens partner nr. 1 | Gatech\" \/>\n<meta name=\"twitter:description\" content=\"Hos oss f\u00e5r du skr\u00e4ddarsydda ing\u00e5ngs- och wellnessl\u00f6sningar som g\u00f6r ditt gym \u00e4nnu mer funktionellt och attraktivt. Se mer!\" \/>\n<meta name=\"twitter:label1\" content=\"Ber\u00e4knad l\u00e4stid\" \/>\n\t<meta name=\"twitter:data1\" content=\"6 minuter\" \/>\n<script type=\"application\/ld+json\" class=\"yoast-schema-graph\">{\"@context\":\"https:\/\/schema.org\",\"@graph\":[{\"@type\":\"WebPage\",\"@id\":\"https:\/\/gatech.fi\/sv\/\",\"url\":\"https:\/\/gatech.fi\/sv\/\",\"name\":\"Gym grundarens partner nr. 1 | Gatech\",\"isPartOf\":{\"@id\":\"https:\/\/gatech.fi\/#website\"},\"datePublished\":\"2024-11-22T13:08:22+00:00\",\"dateModified\":\"2025-10-25T09:48:54+00:00\",\"description\":\"Hos oss f\u00e5r du skr\u00e4ddarsydda ing\u00e5ngs- och wellnessl\u00f6sningar som g\u00f6r ditt gym \u00e4nnu mer funktionellt och attraktivt. Se mer!\",\"breadcrumb\":{\"@id\":\"https:\/\/gatech.fi\/sv\/#breadcrumb\"},\"inLanguage\":\"sv-SE\",\"potentialAction\":[{\"@type\":\"ReadAction\",\"target\":[\"https:\/\/gatech.fi\/sv\/\"]}]},{\"@type\":\"BreadcrumbList\",\"@id\":\"https:\/\/gatech.fi\/sv\/#breadcrumb\",\"itemListElement\":[{\"@type\":\"ListItem\",\"position\":1,\"name\":\"Etusivu\",\"item\":\"https:\/\/gatech.fi\/sv\/\"},{\"@type\":\"ListItem\",\"position\":2,\"name\":\"Webbplats\"}]},{\"@type\":\"WebSite\",\"@id\":\"https:\/\/gatech.fi\/#website\",\"url\":\"https:\/\/gatech.fi\/\",\"name\":\"Gatech\",\"description\":\"\",\"publisher\":{\"@id\":\"https:\/\/gatech.fi\/#organization\"},\"potentialAction\":[{\"@type\":\"SearchAction\",\"target\":{\"@type\":\"EntryPoint\",\"urlTemplate\":\"https:\/\/gatech.fi\/?s={search_term_string}\"},\"query-input\":{\"@type\":\"PropertyValueSpecification\",\"valueRequired\":true,\"valueName\":\"search_term_string\"}}],\"inLanguage\":\"sv-SE\"},{\"@type\":\"Organization\",\"@id\":\"https:\/\/gatech.fi\/#organization\",\"name\":\"Gatech\",\"url\":\"https:\/\/gatech.fi\/\",\"logo\":{\"@type\":\"ImageObject\",\"inLanguage\":\"sv-SE\",\"@id\":\"https:\/\/gatech.fi\/#\/schema\/logo\/image\/\",\"url\":\"https:\/\/gatech.fi\/wp-content\/uploads\/2025\/02\/favicon.png\",\"contentUrl\":\"https:\/\/gatech.fi\/wp-content\/uploads\/2025\/02\/favicon.png\",\"width\":173,\"height\":173,\"caption\":\"Gatech\"},\"image\":{\"@id\":\"https:\/\/gatech.fi\/#\/schema\/logo\/image\/\"}}]}<\/script>\n<!-- \/ Yoast SEO plugin. -->","yoast_head_json":{"title":"Gym grundarens partner nr. 1 | Gatech","description":"Hos oss f\u00e5r du skr\u00e4ddarsydda ing\u00e5ngs- och wellnessl\u00f6sningar som g\u00f6r ditt gym \u00e4nnu mer funktionellt och attraktivt. Se mer!","robots":{"index":"index","follow":"follow","max-snippet":"max-snippet:-1","max-image-preview":"max-image-preview:large","max-video-preview":"max-video-preview:-1"},"canonical":"https:\/\/gatech.fi\/sv\/","og_locale":"sv_SE","og_type":"article","og_title":"Gym grundarens partner nr. 1 | Gatech","og_description":"Hos oss f\u00e5r du skr\u00e4ddarsydda ing\u00e5ngs- och wellnessl\u00f6sningar som g\u00f6r ditt gym \u00e4nnu mer funktionellt och attraktivt. Se mer!","og_url":"https:\/\/gatech.fi\/sv\/","og_site_name":"Gatech","article_modified_time":"2025-10-25T09:48:54+00:00","twitter_card":"summary_large_image","twitter_title":"Gym grundarens partner nr. 1 | Gatech","twitter_description":"Hos oss f\u00e5r du skr\u00e4ddarsydda ing\u00e5ngs- och wellnessl\u00f6sningar som g\u00f6r ditt gym \u00e4nnu mer funktionellt och attraktivt. Se mer!","twitter_misc":{"Ber\u00e4knad l\u00e4stid":"6 minuter"},"schema":{"@context":"https:\/\/schema.org","@graph":[{"@type":"WebPage","@id":"https:\/\/gatech.fi\/sv\/","url":"https:\/\/gatech.fi\/sv\/","name":"Gym grundarens partner nr. 1 | Gatech","isPartOf":{"@id":"https:\/\/gatech.fi\/#website"},"datePublished":"2024-11-22T13:08:22+00:00","dateModified":"2025-10-25T09:48:54+00:00","description":"Hos oss f\u00e5r du skr\u00e4ddarsydda ing\u00e5ngs- och wellnessl\u00f6sningar som g\u00f6r ditt gym \u00e4nnu mer funktionellt och attraktivt. Se mer!","breadcrumb":{"@id":"https:\/\/gatech.fi\/sv\/#breadcrumb"},"inLanguage":"sv-SE","potentialAction":[{"@type":"ReadAction","target":["https:\/\/gatech.fi\/sv\/"]}]},{"@type":"BreadcrumbList","@id":"https:\/\/gatech.fi\/sv\/#breadcrumb","itemListElement":[{"@type":"ListItem","position":1,"name":"Etusivu","item":"https:\/\/gatech.fi\/sv\/"},{"@type":"ListItem","position":2,"name":"Webbplats"}]},{"@type":"WebSite","@id":"https:\/\/gatech.fi\/#website","url":"https:\/\/gatech.fi\/","name":"Gatech","description":"","publisher":{"@id":"https:\/\/gatech.fi\/#organization"},"potentialAction":[{"@type":"SearchAction","target":{"@type":"EntryPoint","urlTemplate":"https:\/\/gatech.fi\/?s={search_term_string}"},"query-input":{"@type":"PropertyValueSpecification","valueRequired":true,"valueName":"search_term_string"}}],"inLanguage":"sv-SE"},{"@type":"Organization","@id":"https:\/\/gatech.fi\/#organization","name":"Gatech","url":"https:\/\/gatech.fi\/","logo":{"@type":"ImageObject","inLanguage":"sv-SE","@id":"https:\/\/gatech.fi\/#\/schema\/logo\/image\/","url":"https:\/\/gatech.fi\/wp-content\/uploads\/2025\/02\/favicon.png","contentUrl":"https:\/\/gatech.fi\/wp-content\/uploads\/2025\/02\/favicon.png","width":173,"height":173,"caption":"Gatech"},"image":{"@id":"https:\/\/gatech.fi\/#\/schema\/logo\/image\/"}}]}},"_links":{"self":[{"href":"https:\/\/gatech.fi\/sv\/wp-json\/wp\/v2\/pages\/606","targetHints":{"allow":["GET"]}}],"collection":[{"href":"https:\/\/gatech.fi\/sv\/wp-json\/wp\/v2\/pages"}],"about":[{"href":"https:\/\/gatech.fi\/sv\/wp-json\/wp\/v2\/types\/page"}],"author":[{"embeddable":true,"href":"https:\/\/gatech.fi\/sv\/wp-json\/wp\/v2\/users\/1"}],"replies":[{"embeddable":true,"href":"https:\/\/gatech.fi\/sv\/wp-json\/wp\/v2\/comments?post=606"}],"version-history":[{"count":5,"href":"https:\/\/gatech.fi\/sv\/wp-json\/wp\/v2\/pages\/606\/revisions"}],"predecessor-version":[{"id":2197,"href":"https:\/\/gatech.fi\/sv\/wp-json\/wp\/v2\/pages\/606\/revisions\/2197"}],"wp:attachment":[{"href":"https:\/\/gatech.fi\/sv\/wp-json\/wp\/v2\/media?parent=606"}],"curies":[{"name":"wp","href":"https:\/\/api.w.org\/{rel}","templated":true}]}}