{"id":2457,"date":"2025-01-02T08:24:43","date_gmt":"2025-01-02T08:24:43","guid":{"rendered":"https:\/\/gatech.fi\/tuotteet\/"},"modified":"2025-11-18T13:06:47","modified_gmt":"2025-11-18T13:06:47","slug":"tuotteet","status":"publish","type":"page","link":"https:\/\/gatech.fi\/es\/tuotteet\/","title":{"rendered":"Produkter"},"content":{"rendered":"","protected":false},"excerpt":{"rendered":"","protected":false},"author":1,"featured_media":0,"parent":0,"menu_order":0,"comment_status":"closed","ping_status":"closed","template":"","meta":{"_acf_changed":false,"footnotes":""},"class_list":["post-2457","page","type-page","status-publish","hentry"],"acf":[],"yoast_head":"<!-- This site is optimized with the Yoast SEO plugin v24.4 - https:\/\/yoast.com\/wordpress\/plugins\/seo\/ -->\n<title>Kuntosaleille ratkaisut | Gatech<\/title>\n<meta name=\"description\" content=\"Meilt\u00e4 saat r\u00e4\u00e4t\u00e4l\u00f6idyt sis\u00e4\u00e4ntulo- ja wellness-ratkaisut, jotka tekev\u00e4t kuntosalistasi entist\u00e4 toimivamman ja houkuttelevamman.\" \/>\n<meta name=\"robots\" content=\"index, follow, max-snippet:-1, max-image-preview:large, max-video-preview:-1\" \/>\n<link rel=\"canonical\" href=\"https:\/\/gatech.fi\/es\/tuotteet\/\" \/>\n<meta property=\"og:locale\" content=\"es_ES\" \/>\n<meta property=\"og:type\" content=\"article\" \/>\n<meta property=\"og:title\" content=\"Kuntosaleille ratkaisut | Gatech\" \/>\n<meta property=\"og:description\" content=\"Meilt\u00e4 saat r\u00e4\u00e4t\u00e4l\u00f6idyt sis\u00e4\u00e4ntulo- ja wellness-ratkaisut, jotka tekev\u00e4t kuntosalistasi entist\u00e4 toimivamman ja houkuttelevamman.\" \/>\n<meta property=\"og:url\" content=\"https:\/\/gatech.fi\/es\/tuotteet\/\" \/>\n<meta property=\"og:site_name\" content=\"Gatech\" \/>\n<meta property=\"article:modified_time\" content=\"2025-11-18T13:06:47+00:00\" \/>\n<meta name=\"twitter:card\" content=\"summary_large_image\" \/>\n<meta name=\"twitter:title\" content=\"Kuntosaleille ratkaisut | Gatech\" \/>\n<meta name=\"twitter:description\" content=\"Meilt\u00e4 saat r\u00e4\u00e4t\u00e4l\u00f6idyt sis\u00e4\u00e4ntulo- ja wellness-ratkaisut, jotka tekev\u00e4t kuntosalistasi entist\u00e4 toimivamman ja houkuttelevamman.\" \/>\n<meta name=\"twitter:label1\" content=\"Tiempo de lectura\" \/>\n\t<meta name=\"twitter:data1\" content=\"3 minutos\" \/>\n<script type=\"application\/ld+json\" class=\"yoast-schema-graph\">{\"@context\":\"https:\/\/schema.org\",\"@graph\":[{\"@type\":\"WebPage\",\"@id\":\"https:\/\/gatech.fi\/es\/tuotteet\/\",\"url\":\"https:\/\/gatech.fi\/es\/tuotteet\/\",\"name\":\"Kuntosaleille ratkaisut | Gatech\",\"isPartOf\":{\"@id\":\"https:\/\/gatech.fi\/#website\"},\"datePublished\":\"2025-01-02T08:24:43+00:00\",\"dateModified\":\"2025-11-18T13:06:47+00:00\",\"description\":\"Meilt\u00e4 saat r\u00e4\u00e4t\u00e4l\u00f6idyt sis\u00e4\u00e4ntulo- ja wellness-ratkaisut, jotka tekev\u00e4t kuntosalistasi entist\u00e4 toimivamman ja houkuttelevamman.\",\"breadcrumb\":{\"@id\":\"https:\/\/gatech.fi\/es\/tuotteet\/#breadcrumb\"},\"inLanguage\":\"es\",\"potentialAction\":[{\"@type\":\"ReadAction\",\"target\":[\"https:\/\/gatech.fi\/es\/tuotteet\/\"]}]},{\"@type\":\"BreadcrumbList\",\"@id\":\"https:\/\/gatech.fi\/es\/tuotteet\/#breadcrumb\",\"itemListElement\":[{\"@type\":\"ListItem\",\"position\":1,\"name\":\"Etusivu\",\"item\":\"https:\/\/gatech.fi\/es\/etusivu\/\"},{\"@type\":\"ListItem\",\"position\":2,\"name\":\"Produkter\"}]},{\"@type\":\"WebSite\",\"@id\":\"https:\/\/gatech.fi\/#website\",\"url\":\"https:\/\/gatech.fi\/\",\"name\":\"Gatech\",\"description\":\"\",\"publisher\":{\"@id\":\"https:\/\/gatech.fi\/#organization\"},\"potentialAction\":[{\"@type\":\"SearchAction\",\"target\":{\"@type\":\"EntryPoint\",\"urlTemplate\":\"https:\/\/gatech.fi\/?s={search_term_string}\"},\"query-input\":{\"@type\":\"PropertyValueSpecification\",\"valueRequired\":true,\"valueName\":\"search_term_string\"}}],\"inLanguage\":\"es\"},{\"@type\":\"Organization\",\"@id\":\"https:\/\/gatech.fi\/#organization\",\"name\":\"Gatech\",\"url\":\"https:\/\/gatech.fi\/\",\"logo\":{\"@type\":\"ImageObject\",\"inLanguage\":\"es\",\"@id\":\"https:\/\/gatech.fi\/#\/schema\/logo\/image\/\",\"url\":\"https:\/\/gatech.fi\/wp-content\/uploads\/2025\/02\/favicon.png\",\"contentUrl\":\"https:\/\/gatech.fi\/wp-content\/uploads\/2025\/02\/favicon.png\",\"width\":173,\"height\":173,\"caption\":\"Gatech\"},\"image\":{\"@id\":\"https:\/\/gatech.fi\/#\/schema\/logo\/image\/\"}}]}<\/script>\n<!-- \/ Yoast SEO plugin. -->","yoast_head_json":{"title":"Kuntosaleille ratkaisut | Gatech","description":"Meilt\u00e4 saat r\u00e4\u00e4t\u00e4l\u00f6idyt sis\u00e4\u00e4ntulo- ja wellness-ratkaisut, jotka tekev\u00e4t kuntosalistasi entist\u00e4 toimivamman ja houkuttelevamman.","robots":{"index":"index","follow":"follow","max-snippet":"max-snippet:-1","max-image-preview":"max-image-preview:large","max-video-preview":"max-video-preview:-1"},"canonical":"https:\/\/gatech.fi\/es\/tuotteet\/","og_locale":"es_ES","og_type":"article","og_title":"Kuntosaleille ratkaisut | Gatech","og_description":"Meilt\u00e4 saat r\u00e4\u00e4t\u00e4l\u00f6idyt sis\u00e4\u00e4ntulo- ja wellness-ratkaisut, jotka tekev\u00e4t kuntosalistasi entist\u00e4 toimivamman ja houkuttelevamman.","og_url":"https:\/\/gatech.fi\/es\/tuotteet\/","og_site_name":"Gatech","article_modified_time":"2025-11-18T13:06:47+00:00","twitter_card":"summary_large_image","twitter_title":"Kuntosaleille ratkaisut | Gatech","twitter_description":"Meilt\u00e4 saat r\u00e4\u00e4t\u00e4l\u00f6idyt sis\u00e4\u00e4ntulo- ja wellness-ratkaisut, jotka tekev\u00e4t kuntosalistasi entist\u00e4 toimivamman ja houkuttelevamman.","twitter_misc":{"Tiempo de lectura":"3 minutos"},"schema":{"@context":"https:\/\/schema.org","@graph":[{"@type":"WebPage","@id":"https:\/\/gatech.fi\/es\/tuotteet\/","url":"https:\/\/gatech.fi\/es\/tuotteet\/","name":"Kuntosaleille ratkaisut | Gatech","isPartOf":{"@id":"https:\/\/gatech.fi\/#website"},"datePublished":"2025-01-02T08:24:43+00:00","dateModified":"2025-11-18T13:06:47+00:00","description":"Meilt\u00e4 saat r\u00e4\u00e4t\u00e4l\u00f6idyt sis\u00e4\u00e4ntulo- ja wellness-ratkaisut, jotka tekev\u00e4t kuntosalistasi entist\u00e4 toimivamman ja houkuttelevamman.","breadcrumb":{"@id":"https:\/\/gatech.fi\/es\/tuotteet\/#breadcrumb"},"inLanguage":"es","potentialAction":[{"@type":"ReadAction","target":["https:\/\/gatech.fi\/es\/tuotteet\/"]}]},{"@type":"BreadcrumbList","@id":"https:\/\/gatech.fi\/es\/tuotteet\/#breadcrumb","itemListElement":[{"@type":"ListItem","position":1,"name":"Etusivu","item":"https:\/\/gatech.fi\/es\/etusivu\/"},{"@type":"ListItem","position":2,"name":"Produkter"}]},{"@type":"WebSite","@id":"https:\/\/gatech.fi\/#website","url":"https:\/\/gatech.fi\/","name":"Gatech","description":"","publisher":{"@id":"https:\/\/gatech.fi\/#organization"},"potentialAction":[{"@type":"SearchAction","target":{"@type":"EntryPoint","urlTemplate":"https:\/\/gatech.fi\/?s={search_term_string}"},"query-input":{"@type":"PropertyValueSpecification","valueRequired":true,"valueName":"search_term_string"}}],"inLanguage":"es"},{"@type":"Organization","@id":"https:\/\/gatech.fi\/#organization","name":"Gatech","url":"https:\/\/gatech.fi\/","logo":{"@type":"ImageObject","inLanguage":"es","@id":"https:\/\/gatech.fi\/#\/schema\/logo\/image\/","url":"https:\/\/gatech.fi\/wp-content\/uploads\/2025\/02\/favicon.png","contentUrl":"https:\/\/gatech.fi\/wp-content\/uploads\/2025\/02\/favicon.png","width":173,"height":173,"caption":"Gatech"},"image":{"@id":"https:\/\/gatech.fi\/#\/schema\/logo\/image\/"}}]}},"_links":{"self":[{"href":"https:\/\/gatech.fi\/es\/wp-json\/wp\/v2\/pages\/2457","targetHints":{"allow":["GET"]}}],"collection":[{"href":"https:\/\/gatech.fi\/es\/wp-json\/wp\/v2\/pages"}],"about":[{"href":"https:\/\/gatech.fi\/es\/wp-json\/wp\/v2\/types\/page"}],"author":[{"embeddable":true,"href":"https:\/\/gatech.fi\/es\/wp-json\/wp\/v2\/users\/1"}],"replies":[{"embeddable":true,"href":"https:\/\/gatech.fi\/es\/wp-json\/wp\/v2\/comments?post=2457"}],"version-history":[{"count":2,"href":"https:\/\/gatech.fi\/es\/wp-json\/wp\/v2\/pages\/2457\/revisions"}],"predecessor-version":[{"id":2462,"href":"https:\/\/gatech.fi\/es\/wp-json\/wp\/v2\/pages\/2457\/revisions\/2462"}],"wp:attachment":[{"href":"https:\/\/gatech.fi\/es\/wp-json\/wp\/v2\/media?parent=2457"}],"curies":[{"name":"wp","href":"https:\/\/api.w.org\/{rel}","templated":true}]}}